{"id":5152,"date":"2023-04-08T17:54:15","date_gmt":"2023-04-08T17:54:15","guid":{"rendered":"https:\/\/junglehouse.ee\/?post_type=product&#038;p=5152"},"modified":"2025-02-02T10:08:28","modified_gmt":"2025-02-02T10:08:28","slug":"junglehouse-huppenoor","status":"publish","type":"product","link":"https:\/\/junglehouse.ee\/en\/product\/junglehouse-huppenoor\/","title":{"rendered":"JUNGLEHOUSE JUMP ROPE"},"content":{"rendered":"","protected":false},"excerpt":{"rendered":"<p>Jumping rope is a great form of exercise that improves endurance, coordination, and overall fitness. It&#039;s a simple yet effective way to stay active. Here&#039;s everything you need to know about jumping rope:<\/p>\n<p><b>1. Why is jumping rope beneficial?<\/b><\/p>\n<p><b>Cardiovascular health<\/b>: Raises heart rate and improves cardiovascular endurance.<br \/>\n<b>Burning calories<\/b>: Very effective for burning fat because the workout is intense.<br \/>\n<b>General body toning<\/b>: Involves almost all muscle groups, including legs, buttocks, arms, and core muscles.<br \/>\n<b>Coordination and balance<\/b>: Develops reflexes and coordination as it requires rhythmic movement.<br \/>\n<b>Time and space saving<\/b>: You can exercise almost anywhere, and 10 minutes of jumping rope is equivalent to 30 minutes of jogging.<\/p>\n<p><b>2. How to start jumping rope correctly?<\/b><\/p>\n<p><b>Length<\/b>: Step onto the middle of the rope \u2013 the handles should reach your armpits.<br \/>\n<b>Material<\/b>: Light ropes are suitable for beginners, heavier or speed jump ropes for advanced players.<\/p>\n<p>&nbsp;<\/p>\n<p><b>Jumping reminder!<br \/>\n<\/b><b>Stand straight.<\/b>: Keep your back straight and look straight ahead.<br \/>\n<b>Hands and wrists<\/b>: Keep your elbows close to your body and your wrists, not your shoulders, control the movement.<br \/>\n<b>Light jumps<\/b>: Jump only high enough to fit the rope through (~2-3 cm from the ground).<br \/>\n<b>Soft landing<\/b>: Land on your toes to reduce shock.<br \/>\n<b>Excessive use of force<\/b>: The wrists should not be overloaded \u2013 the movement should be smooth and relaxed.<br \/>\n<b>High jumps<\/b>: Jumping too high will tire you out quickly.<br \/>\n<b>Bad posture<\/b>: Hunching or raising your arms too high will make the exercise more difficult.<br \/>\n<b>Warm-up<\/b>: Start easy to avoid injury.<br \/>\n<b>Footrest<\/b>: Use training shoes that offer good cushioning.<br \/>\n<b>Suitable surface<\/b>: Choose a soft surface, such as a rubber mat or wooden floor, to reduce stress on your joints.<\/p>\n<p>Jumping rope can seem like a challenge at first, but you&#039;ll progress quickly. You can set goals, such as more consecutive jumps or more complex techniques. Start a new challenge now and get yourself an awesome jump rope.<\/p>","protected":false},"featured_media":8757,"comment_status":"closed","ping_status":"closed","template":"","meta":{"jetpack_post_was_ever_published":false,"jetpack_publicize_message":"","jetpack_publicize_feature_enabled":true,"jetpack_social_post_already_shared":false,"jetpack_social_options":{"image_generator_settings":{"template":"highway","default_image_id":0,"font":"","enabled":false},"version":2}},"product_brand":[],"product_cat":[40],"product_tag":[],"class_list":{"0":"post-5152","1":"product","2":"type-product","3":"status-publish","4":"has-post-thumbnail","6":"product_cat-junglehouse-tooted","8":"first","9":"instock","10":"taxable","11":"shipping-taxable","12":"purchasable","13":"product-type-simple"},"yoast_head":"<!-- This site is optimized with the Yoast SEO plugin v27.3 - https:\/\/yoast.com\/product\/yoast-seo-wordpress\/ -->\n<title>JUNGLEHOUSE H\u00dcPPEN\u00d6\u00d6R - Junglehouse<\/title>\n<meta name=\"description\" content=\"h\u00fcppen\u00f6\u00f6r, kummist h\u00fcppen\u00f6\u00f6r, stiilne h\u00fcppen\u00f6\u00f6r, h\u00fcppen\u00f6\u00f6r lastele, h\u00fcppen\u00f6\u00f6r treeninguks, h\u00fcppen\u00f6\u00f6rid, jump rope, jumping rope, workout, strong nation\" \/>\n<meta name=\"robots\" content=\"index, follow, max-snippet:-1, max-image-preview:large, max-video-preview:-1\" \/>\n<link rel=\"canonical\" href=\"https:\/\/junglehouse.ee\/en\/product\/junglehouse-huppenoor\/\" \/>\n<meta property=\"og:locale\" content=\"en_US\" \/>\n<meta property=\"og:type\" content=\"article\" \/>\n<meta property=\"og:title\" content=\"JUNGLEHOUSE H\u00dcPPEN\u00d6\u00d6R - Junglehouse\" \/>\n<meta property=\"og:description\" content=\"h\u00fcppen\u00f6\u00f6r, kummist h\u00fcppen\u00f6\u00f6r, stiilne h\u00fcppen\u00f6\u00f6r, h\u00fcppen\u00f6\u00f6r lastele, h\u00fcppen\u00f6\u00f6r treeninguks, h\u00fcppen\u00f6\u00f6rid, jump rope, jumping rope, workout, strong nation\" \/>\n<meta property=\"og:url\" content=\"https:\/\/junglehouse.ee\/en\/product\/junglehouse-huppenoor\/\" \/>\n<meta property=\"og:site_name\" content=\"Junglehouse\" \/>\n<meta property=\"article:publisher\" content=\"https:\/\/www.facebook.com\/junglehouse.zumba\/?ref=bookmarks\" \/>\n<meta property=\"article:modified_time\" content=\"2025-02-02T10:08:28+00:00\" \/>\n<meta property=\"og:image\" content=\"https:\/\/junglehouse.ee\/wp-content\/uploads\/2023\/04\/Untitled-design-8-819x1024.png\" \/>\n\t<meta property=\"og:image:width\" content=\"819\" \/>\n\t<meta property=\"og:image:height\" content=\"1024\" \/>\n\t<meta property=\"og:image:type\" content=\"image\/png\" \/>\n<meta name=\"twitter:card\" content=\"summary_large_image\" \/>\n<meta name=\"twitter:label1\" content=\"Est. reading time\" \/>\n\t<meta name=\"twitter:data1\" content=\"1 minute\" \/>\n<script type=\"application\/ld+json\" class=\"yoast-schema-graph\">{\"@context\":\"https:\\\/\\\/schema.org\",\"@graph\":[{\"@type\":\"WebPage\",\"@id\":\"https:\\\/\\\/junglehouse.ee\\\/toode\\\/junglehouse-huppenoor\\\/\",\"url\":\"https:\\\/\\\/junglehouse.ee\\\/toode\\\/junglehouse-huppenoor\\\/\",\"name\":\"JUNGLEHOUSE H\u00dcPPEN\u00d6\u00d6R - Junglehouse\",\"isPartOf\":{\"@id\":\"https:\\\/\\\/junglehouse.ee\\\/#website\"},\"primaryImageOfPage\":{\"@id\":\"https:\\\/\\\/junglehouse.ee\\\/toode\\\/junglehouse-huppenoor\\\/#primaryimage\"},\"image\":{\"@id\":\"https:\\\/\\\/junglehouse.ee\\\/toode\\\/junglehouse-huppenoor\\\/#primaryimage\"},\"thumbnailUrl\":\"https:\\\/\\\/i0.wp.com\\\/junglehouse.ee\\\/wp-content\\\/uploads\\\/2023\\\/04\\\/Untitled-design-8.png?fit=1890%2C2363&ssl=1\",\"datePublished\":\"2023-04-08T17:54:15+00:00\",\"dateModified\":\"2025-02-02T10:08:28+00:00\",\"description\":\"h\u00fcppen\u00f6\u00f6r, kummist h\u00fcppen\u00f6\u00f6r, stiilne h\u00fcppen\u00f6\u00f6r, h\u00fcppen\u00f6\u00f6r lastele, h\u00fcppen\u00f6\u00f6r treeninguks, h\u00fcppen\u00f6\u00f6rid, jump rope, jumping rope, workout, strong nation\",\"breadcrumb\":{\"@id\":\"https:\\\/\\\/junglehouse.ee\\\/toode\\\/junglehouse-huppenoor\\\/#breadcrumb\"},\"inLanguage\":\"en-US\",\"potentialAction\":[{\"@type\":\"ReadAction\",\"target\":[\"https:\\\/\\\/junglehouse.ee\\\/toode\\\/junglehouse-huppenoor\\\/\"]}]},{\"@type\":\"ImageObject\",\"inLanguage\":\"en-US\",\"@id\":\"https:\\\/\\\/junglehouse.ee\\\/toode\\\/junglehouse-huppenoor\\\/#primaryimage\",\"url\":\"https:\\\/\\\/i0.wp.com\\\/junglehouse.ee\\\/wp-content\\\/uploads\\\/2023\\\/04\\\/Untitled-design-8.png?fit=1890%2C2363&ssl=1\",\"contentUrl\":\"https:\\\/\\\/i0.wp.com\\\/junglehouse.ee\\\/wp-content\\\/uploads\\\/2023\\\/04\\\/Untitled-design-8.png?fit=1890%2C2363&ssl=1\",\"width\":1890,\"height\":2363},{\"@type\":\"BreadcrumbList\",\"@id\":\"https:\\\/\\\/junglehouse.ee\\\/toode\\\/junglehouse-huppenoor\\\/#breadcrumb\",\"itemListElement\":[{\"@type\":\"ListItem\",\"position\":1,\"name\":\"Home\",\"item\":\"https:\\\/\\\/junglehouse.ee\\\/\"},{\"@type\":\"ListItem\",\"position\":2,\"name\":\"Pood\",\"item\":\"https:\\\/\\\/junglehouse.ee\\\/pood\\\/\"},{\"@type\":\"ListItem\",\"position\":3,\"name\":\"JUNGLEHOUSE H\u00dcPPEN\u00d6\u00d6R\"}]},{\"@type\":\"WebSite\",\"@id\":\"https:\\\/\\\/junglehouse.ee\\\/#website\",\"url\":\"https:\\\/\\\/junglehouse.ee\\\/\",\"name\":\"www.junglehouse.ee\",\"description\":\"\",\"publisher\":{\"@id\":\"https:\\\/\\\/junglehouse.ee\\\/#organization\"},\"potentialAction\":[{\"@type\":\"SearchAction\",\"target\":{\"@type\":\"EntryPoint\",\"urlTemplate\":\"https:\\\/\\\/junglehouse.ee\\\/?s={search_term_string}\"},\"query-input\":{\"@type\":\"PropertyValueSpecification\",\"valueRequired\":true,\"valueName\":\"search_term_string\"}}],\"inLanguage\":\"en-US\"},{\"@type\":\"Organization\",\"@id\":\"https:\\\/\\\/junglehouse.ee\\\/#organization\",\"name\":\"JUNGLEHOUSE O\u00dc\",\"url\":\"https:\\\/\\\/junglehouse.ee\\\/\",\"logo\":{\"@type\":\"ImageObject\",\"inLanguage\":\"en-US\",\"@id\":\"https:\\\/\\\/junglehouse.ee\\\/#\\\/schema\\\/logo\\\/image\\\/\",\"url\":\"https:\\\/\\\/junglehouse.ee\\\/wp-content\\\/uploads\\\/2020\\\/01\\\/29595148_1795466014092953_8681890970927538343_n.png\",\"contentUrl\":\"https:\\\/\\\/junglehouse.ee\\\/wp-content\\\/uploads\\\/2020\\\/01\\\/29595148_1795466014092953_8681890970927538343_n.png\",\"width\":769,\"height\":769,\"caption\":\"JUNGLEHOUSE O\u00dc\"},\"image\":{\"@id\":\"https:\\\/\\\/junglehouse.ee\\\/#\\\/schema\\\/logo\\\/image\\\/\"},\"sameAs\":[\"https:\\\/\\\/www.facebook.com\\\/junglehouse.zumba\\\/?ref=bookmarks\",\"https:\\\/\\\/www.instagram.com\\\/junglehouse.zumba\\\/\"]}]}<\/script>\n<!-- \/ Yoast SEO plugin. -->","yoast_head_json":{"title":"JUNGLEHOUSE H\u00dcPPEN\u00d6\u00d6R - Junglehouse","description":"h\u00fcppen\u00f6\u00f6r, kummist h\u00fcppen\u00f6\u00f6r, stiilne h\u00fcppen\u00f6\u00f6r, h\u00fcppen\u00f6\u00f6r lastele, h\u00fcppen\u00f6\u00f6r treeninguks, h\u00fcppen\u00f6\u00f6rid, jump rope, jumping rope, workout, strong nation","robots":{"index":"index","follow":"follow","max-snippet":"max-snippet:-1","max-image-preview":"max-image-preview:large","max-video-preview":"max-video-preview:-1"},"canonical":"https:\/\/junglehouse.ee\/en\/product\/junglehouse-huppenoor\/","og_locale":"en_US","og_type":"article","og_title":"JUNGLEHOUSE H\u00dcPPEN\u00d6\u00d6R - Junglehouse","og_description":"h\u00fcppen\u00f6\u00f6r, kummist h\u00fcppen\u00f6\u00f6r, stiilne h\u00fcppen\u00f6\u00f6r, h\u00fcppen\u00f6\u00f6r lastele, h\u00fcppen\u00f6\u00f6r treeninguks, h\u00fcppen\u00f6\u00f6rid, jump rope, jumping rope, workout, strong nation","og_url":"https:\/\/junglehouse.ee\/en\/product\/junglehouse-huppenoor\/","og_site_name":"Junglehouse","article_publisher":"https:\/\/www.facebook.com\/junglehouse.zumba\/?ref=bookmarks","article_modified_time":"2025-02-02T10:08:28+00:00","og_image":[{"width":819,"height":1024,"url":"https:\/\/junglehouse.ee\/wp-content\/uploads\/2023\/04\/Untitled-design-8-819x1024.png","type":"image\/png"}],"twitter_card":"summary_large_image","twitter_misc":{"Est. reading time":"1 minute"},"schema":{"@context":"https:\/\/schema.org","@graph":[{"@type":"WebPage","@id":"https:\/\/junglehouse.ee\/toode\/junglehouse-huppenoor\/","url":"https:\/\/junglehouse.ee\/toode\/junglehouse-huppenoor\/","name":"JUNGLEHOUSE H\u00dcPPEN\u00d6\u00d6R - Junglehouse","isPartOf":{"@id":"https:\/\/junglehouse.ee\/#website"},"primaryImageOfPage":{"@id":"https:\/\/junglehouse.ee\/toode\/junglehouse-huppenoor\/#primaryimage"},"image":{"@id":"https:\/\/junglehouse.ee\/toode\/junglehouse-huppenoor\/#primaryimage"},"thumbnailUrl":"https:\/\/i0.wp.com\/junglehouse.ee\/wp-content\/uploads\/2023\/04\/Untitled-design-8.png?fit=1890%2C2363&ssl=1","datePublished":"2023-04-08T17:54:15+00:00","dateModified":"2025-02-02T10:08:28+00:00","description":"h\u00fcppen\u00f6\u00f6r, kummist h\u00fcppen\u00f6\u00f6r, stiilne h\u00fcppen\u00f6\u00f6r, h\u00fcppen\u00f6\u00f6r lastele, h\u00fcppen\u00f6\u00f6r treeninguks, h\u00fcppen\u00f6\u00f6rid, jump rope, jumping rope, workout, strong nation","breadcrumb":{"@id":"https:\/\/junglehouse.ee\/toode\/junglehouse-huppenoor\/#breadcrumb"},"inLanguage":"en-US","potentialAction":[{"@type":"ReadAction","target":["https:\/\/junglehouse.ee\/toode\/junglehouse-huppenoor\/"]}]},{"@type":"ImageObject","inLanguage":"en-US","@id":"https:\/\/junglehouse.ee\/toode\/junglehouse-huppenoor\/#primaryimage","url":"https:\/\/i0.wp.com\/junglehouse.ee\/wp-content\/uploads\/2023\/04\/Untitled-design-8.png?fit=1890%2C2363&ssl=1","contentUrl":"https:\/\/i0.wp.com\/junglehouse.ee\/wp-content\/uploads\/2023\/04\/Untitled-design-8.png?fit=1890%2C2363&ssl=1","width":1890,"height":2363},{"@type":"BreadcrumbList","@id":"https:\/\/junglehouse.ee\/toode\/junglehouse-huppenoor\/#breadcrumb","itemListElement":[{"@type":"ListItem","position":1,"name":"Home","item":"https:\/\/junglehouse.ee\/"},{"@type":"ListItem","position":2,"name":"Pood","item":"https:\/\/junglehouse.ee\/pood\/"},{"@type":"ListItem","position":3,"name":"JUNGLEHOUSE H\u00dcPPEN\u00d6\u00d6R"}]},{"@type":"WebSite","@id":"https:\/\/junglehouse.ee\/#website","url":"https:\/\/junglehouse.ee\/","name":"www.junglehouse.ee","description":"","publisher":{"@id":"https:\/\/junglehouse.ee\/#organization"},"potentialAction":[{"@type":"SearchAction","target":{"@type":"EntryPoint","urlTemplate":"https:\/\/junglehouse.ee\/?s={search_term_string}"},"query-input":{"@type":"PropertyValueSpecification","valueRequired":true,"valueName":"search_term_string"}}],"inLanguage":"en-US"},{"@type":"Organization","@id":"https:\/\/junglehouse.ee\/#organization","name":"JUNGLEHOUSE O\u00dc","url":"https:\/\/junglehouse.ee\/","logo":{"@type":"ImageObject","inLanguage":"en-US","@id":"https:\/\/junglehouse.ee\/#\/schema\/logo\/image\/","url":"https:\/\/junglehouse.ee\/wp-content\/uploads\/2020\/01\/29595148_1795466014092953_8681890970927538343_n.png","contentUrl":"https:\/\/junglehouse.ee\/wp-content\/uploads\/2020\/01\/29595148_1795466014092953_8681890970927538343_n.png","width":769,"height":769,"caption":"JUNGLEHOUSE O\u00dc"},"image":{"@id":"https:\/\/junglehouse.ee\/#\/schema\/logo\/image\/"},"sameAs":["https:\/\/www.facebook.com\/junglehouse.zumba\/?ref=bookmarks","https:\/\/www.instagram.com\/junglehouse.zumba\/"]}]}},"jetpack_publicize_connections":[],"jetpack_sharing_enabled":true,"_links":{"self":[{"href":"https:\/\/junglehouse.ee\/en\/wp-json\/wp\/v2\/product\/5152","targetHints":{"allow":["GET"]}}],"collection":[{"href":"https:\/\/junglehouse.ee\/en\/wp-json\/wp\/v2\/product"}],"about":[{"href":"https:\/\/junglehouse.ee\/en\/wp-json\/wp\/v2\/types\/product"}],"replies":[{"embeddable":true,"href":"https:\/\/junglehouse.ee\/en\/wp-json\/wp\/v2\/comments?post=5152"}],"version-history":[{"count":2,"href":"https:\/\/junglehouse.ee\/en\/wp-json\/wp\/v2\/product\/5152\/revisions"}],"predecessor-version":[{"id":8432,"href":"https:\/\/junglehouse.ee\/en\/wp-json\/wp\/v2\/product\/5152\/revisions\/8432"}],"wp:featuredmedia":[{"embeddable":true,"href":"https:\/\/junglehouse.ee\/en\/wp-json\/wp\/v2\/media\/8757"}],"wp:attachment":[{"href":"https:\/\/junglehouse.ee\/en\/wp-json\/wp\/v2\/media?parent=5152"}],"wp:term":[{"taxonomy":"product_brand","embeddable":true,"href":"https:\/\/junglehouse.ee\/en\/wp-json\/wp\/v2\/product_brand?post=5152"},{"taxonomy":"product_cat","embeddable":true,"href":"https:\/\/junglehouse.ee\/en\/wp-json\/wp\/v2\/product_cat?post=5152"},{"taxonomy":"product_tag","embeddable":true,"href":"https:\/\/junglehouse.ee\/en\/wp-json\/wp\/v2\/product_tag?post=5152"}],"curies":[{"name":"wp","href":"https:\/\/api.w.org\/{rel}","templated":true}]}}