{"id":2342,"date":"2022-05-26T00:13:36","date_gmt":"2022-05-26T00:13:36","guid":{"rendered":"https:\/\/junglehouse.ee\/?post_type=product&#038;p=2342"},"modified":"2024-12-30T12:42:18","modified_gmt":"2024-12-30T12:42:18","slug":"zumba-strong-nation-treeningu-kuukaart","status":"publish","type":"product","link":"https:\/\/junglehouse.ee\/en\/product\/zumba-strong-nation-treeningu-kuukaart\/","title":{"rendered":"LIVE ZUMBA &amp; STRONG NATION MONTHLY CARD"},"content":{"rendered":"<div data-elementor-type=\"wp-post\" data-elementor-id=\"2342\" class=\"elementor elementor-2342\">\n\t\t\t\t\t\t<section class=\"elementor-section elementor-top-section elementor-element elementor-element-14028b elementor-section-boxed elementor-section-height-default elementor-section-height-default\" data-id=\"14028b\" data-element_type=\"section\" data-e-type=\"section\">\n\t\t\t\t\t\t<div class=\"elementor-container elementor-column-gap-default\">\n\t\t\t\t\t<div class=\"elementor-column elementor-col-100 elementor-top-column elementor-element elementor-element-170bdbf1\" data-id=\"170bdbf1\" data-element_type=\"column\" data-e-type=\"column\">\n\t\t\t<div class=\"elementor-widget-wrap elementor-element-populated\">\n\t\t\t\t\t\t<div class=\"elementor-element elementor-element-4056efe0 elementor-widget elementor-widget-text-editor\" data-id=\"4056efe0\" data-element_type=\"widget\" data-e-type=\"widget\" data-widget_type=\"text-editor.default\">\n\t\t\t\t<div class=\"elementor-widget-container\">\n\t\t\t\t\t\t\t\t\t<p>This card gives you unlimited access.<strong> over 100 training videos and the opportunity to participate in live training 3 times a week.\u00a0<\/strong><\/p><p>Zumba workouts take place twice a week, 60 minutes long, on Tuesdays at 6:30 PM and Thursdays at 7:15 PM, via video link via Zoom.<\/p><p>Strong Nation training 1 x per week, 30 minutes, Tuesdays at 7:35 PM, video link via Zoom.<\/p><p>It&#039;s your choice whether you participate live via Zoom or train at a time convenient for you on our website.<\/p><p>\u00a0<\/p><p>30-60 minute workouts will get you in good shape and feel great.<\/p><p>Simple and clear plans, easy-to-grasp movements, and enjoyable music.<\/p><p>Train wherever, whenever and for however long you want.<\/p><p>Workouts that suit your lifestyle, your pace of life, and your desired load.<\/p><p>A supportive and inspiring environment and the joy of working together.<\/p><p>\u00a0<\/p><p><span style=\"color: #000000;\"><strong>ZUMBA<\/strong><\/span>\u00a0is a dance fitness workout that uses Latin American rhythms and elements such as reggaeton, salsa, merenque, cumbia, and others.<\/p><p>Dancing improves physical fitness, destroys stress hormones, and improves posture.<\/p><p>Exercise increases alertness, increases muscle tone, and speeds up metabolism.<\/p><p>Zumba develops coordination and sense of rhythm, unleashes creativity, and improves well-being both physically and mentally.<\/p><p>\u00a0<\/p><p><span style=\"color: #000000;\"><strong>STRONG NATION<\/strong><\/span>\u00a0is a full-body muscle workout where every movement is synchronized to music, it&#039;s a 30-minute workout.<\/p><p>By utilizing your own body weight, it develops muscular endurance and tone.<\/p><p>In this intense and effective workout, you will discover completely new sides of yourself and feel how strong you really are.<\/p><p>Both workouts also include a relaxing stretch. New workout videos are added every week. You are also welcome to join our community. <a href=\"https:\/\/www.facebook.com\/junglehouse.zumba\/groups\">On Facebook.\u00a0<\/a><\/p>\t\t\t\t\t\t\t\t<\/div>\n\t\t\t\t<\/div>\n\t\t\t\t\t<\/div>\n\t\t<\/div>\n\t\t\t\t\t<\/div>\n\t\t<\/section>\n\t\t\t\t<\/div>","protected":false},"excerpt":{"rendered":"<p><i class=\"glyphicon icon-el-video md\"><\/i> \u00a0LIVE workouts 3 x per week, access to over 80 workout videos.<\/p>\n<p>&nbsp;<\/p>\n<p>&nbsp;<\/p>","protected":false},"featured_media":8248,"comment_status":"closed","ping_status":"closed","template":"","meta":{"jetpack_publicize_message":"","jetpack_publicize_feature_enabled":true,"jetpack_social_post_already_shared":true,"jetpack_social_options":{"image_generator_settings":{"template":"highway","default_image_id":0,"font":"","enabled":false},"version":2}},"product_brand":[],"product_cat":[39],"product_tag":[],"class_list":{"0":"post-2342","1":"product","2":"type-product","3":"status-publish","4":"has-post-thumbnail","6":"product_cat-livetreeningud","8":"first","9":"instock","10":"virtual","11":"taxable","12":"purchasable","13":"product-type-subscription"},"yoast_head":"<!-- This site is optimized with the Yoast SEO plugin v27.6 - https:\/\/yoast.com\/product\/yoast-seo-wordpress\/ -->\n<title>LIVE ZUMBA &amp; STRONG NATION KUUKAART - Junglehouse<\/title>\n<meta name=\"robots\" content=\"index, follow, max-snippet:-1, max-image-preview:large, max-video-preview:-1\" \/>\n<link rel=\"canonical\" href=\"https:\/\/junglehouse.ee\/en\/product\/zumba-strong-nation-treeningu-kuukaart\/\" \/>\n<meta property=\"og:locale\" content=\"en_US\" \/>\n<meta property=\"og:type\" content=\"article\" \/>\n<meta property=\"og:title\" content=\"LIVE ZUMBA &amp; STRONG NATION KUUKAART - Junglehouse\" \/>\n<meta property=\"og:description\" content=\"\u00a0LIVE treeningud 3 x n\u00e4dalas, ligip\u00e4\u00e4s \u00fcle 80 treeningvideole.  &nbsp;  &nbsp;\" \/>\n<meta property=\"og:url\" content=\"https:\/\/junglehouse.ee\/en\/product\/zumba-strong-nation-treeningu-kuukaart\/\" \/>\n<meta property=\"og:site_name\" content=\"Junglehouse\" \/>\n<meta property=\"article:publisher\" content=\"https:\/\/www.facebook.com\/junglehouse.zumba\/?ref=bookmarks\" \/>\n<meta property=\"article:modified_time\" content=\"2024-12-30T12:42:18+00:00\" \/>\n<meta property=\"og:image\" content=\"https:\/\/i0.wp.com\/junglehouse.ee\/wp-content\/uploads\/2024\/09\/Junglehouseshoot-696-van-870-scaled.jpg?fit=2560%2C1707&ssl=1\" \/>\n\t<meta property=\"og:image:width\" content=\"2560\" \/>\n\t<meta property=\"og:image:height\" content=\"1707\" \/>\n\t<meta property=\"og:image:type\" content=\"image\/jpeg\" \/>\n<meta name=\"twitter:card\" content=\"summary_large_image\" \/>\n<meta name=\"twitter:label1\" content=\"Est. reading time\" \/>\n\t<meta name=\"twitter:data1\" content=\"2 minutes\" \/>\n<script type=\"application\/ld+json\" class=\"yoast-schema-graph\">{\"@context\":\"https:\\\/\\\/schema.org\",\"@graph\":[{\"@type\":\"WebPage\",\"@id\":\"https:\\\/\\\/junglehouse.ee\\\/toode\\\/zumba-strong-nation-treeningu-kuukaart\\\/\",\"url\":\"https:\\\/\\\/junglehouse.ee\\\/toode\\\/zumba-strong-nation-treeningu-kuukaart\\\/\",\"name\":\"LIVE ZUMBA & STRONG NATION KUUKAART - Junglehouse\",\"isPartOf\":{\"@id\":\"https:\\\/\\\/junglehouse.ee\\\/#website\"},\"primaryImageOfPage\":{\"@id\":\"https:\\\/\\\/junglehouse.ee\\\/toode\\\/zumba-strong-nation-treeningu-kuukaart\\\/#primaryimage\"},\"image\":{\"@id\":\"https:\\\/\\\/junglehouse.ee\\\/toode\\\/zumba-strong-nation-treeningu-kuukaart\\\/#primaryimage\"},\"thumbnailUrl\":\"https:\\\/\\\/i0.wp.com\\\/junglehouse.ee\\\/wp-content\\\/uploads\\\/2024\\\/09\\\/Junglehouseshoot-696-van-870-scaled.jpg?fit=2560%2C1707&ssl=1\",\"datePublished\":\"2022-05-26T00:13:36+00:00\",\"dateModified\":\"2024-12-30T12:42:18+00:00\",\"breadcrumb\":{\"@id\":\"https:\\\/\\\/junglehouse.ee\\\/toode\\\/zumba-strong-nation-treeningu-kuukaart\\\/#breadcrumb\"},\"inLanguage\":\"en-US\",\"potentialAction\":[{\"@type\":\"ReadAction\",\"target\":[\"https:\\\/\\\/junglehouse.ee\\\/toode\\\/zumba-strong-nation-treeningu-kuukaart\\\/\"]}]},{\"@type\":\"ImageObject\",\"inLanguage\":\"en-US\",\"@id\":\"https:\\\/\\\/junglehouse.ee\\\/toode\\\/zumba-strong-nation-treeningu-kuukaart\\\/#primaryimage\",\"url\":\"https:\\\/\\\/i0.wp.com\\\/junglehouse.ee\\\/wp-content\\\/uploads\\\/2024\\\/09\\\/Junglehouseshoot-696-van-870-scaled.jpg?fit=2560%2C1707&ssl=1\",\"contentUrl\":\"https:\\\/\\\/i0.wp.com\\\/junglehouse.ee\\\/wp-content\\\/uploads\\\/2024\\\/09\\\/Junglehouseshoot-696-van-870-scaled.jpg?fit=2560%2C1707&ssl=1\",\"width\":2560,\"height\":1707},{\"@type\":\"BreadcrumbList\",\"@id\":\"https:\\\/\\\/junglehouse.ee\\\/toode\\\/zumba-strong-nation-treeningu-kuukaart\\\/#breadcrumb\",\"itemListElement\":[{\"@type\":\"ListItem\",\"position\":1,\"name\":\"Home\",\"item\":\"https:\\\/\\\/junglehouse.ee\\\/\"},{\"@type\":\"ListItem\",\"position\":2,\"name\":\"LIITU KOHE\",\"item\":\"https:\\\/\\\/junglehouse.ee\\\/pood\\\/\"},{\"@type\":\"ListItem\",\"position\":3,\"name\":\"LIVE ZUMBA &#038; STRONG NATION KUUKAART\"}]},{\"@type\":\"WebSite\",\"@id\":\"https:\\\/\\\/junglehouse.ee\\\/#website\",\"url\":\"https:\\\/\\\/junglehouse.ee\\\/\",\"name\":\"www.junglehouse.ee\",\"description\":\"\",\"publisher\":{\"@id\":\"https:\\\/\\\/junglehouse.ee\\\/#organization\"},\"potentialAction\":[{\"@type\":\"SearchAction\",\"target\":{\"@type\":\"EntryPoint\",\"urlTemplate\":\"https:\\\/\\\/junglehouse.ee\\\/?s={search_term_string}\"},\"query-input\":{\"@type\":\"PropertyValueSpecification\",\"valueRequired\":true,\"valueName\":\"search_term_string\"}}],\"inLanguage\":\"en-US\"},{\"@type\":\"Organization\",\"@id\":\"https:\\\/\\\/junglehouse.ee\\\/#organization\",\"name\":\"JUNGLEHOUSE O\u00dc\",\"url\":\"https:\\\/\\\/junglehouse.ee\\\/\",\"logo\":{\"@type\":\"ImageObject\",\"inLanguage\":\"en-US\",\"@id\":\"https:\\\/\\\/junglehouse.ee\\\/#\\\/schema\\\/logo\\\/image\\\/\",\"url\":\"https:\\\/\\\/junglehouse.ee\\\/wp-content\\\/uploads\\\/2020\\\/01\\\/29595148_1795466014092953_8681890970927538343_n.png\",\"contentUrl\":\"https:\\\/\\\/junglehouse.ee\\\/wp-content\\\/uploads\\\/2020\\\/01\\\/29595148_1795466014092953_8681890970927538343_n.png\",\"width\":769,\"height\":769,\"caption\":\"JUNGLEHOUSE O\u00dc\"},\"image\":{\"@id\":\"https:\\\/\\\/junglehouse.ee\\\/#\\\/schema\\\/logo\\\/image\\\/\"},\"sameAs\":[\"https:\\\/\\\/www.facebook.com\\\/junglehouse.zumba\\\/?ref=bookmarks\",\"https:\\\/\\\/www.instagram.com\\\/junglehouse.zumba\\\/\"]}]}<\/script>\n<!-- \/ Yoast SEO plugin. -->","yoast_head_json":{"title":"LIVE ZUMBA & STRONG NATION KUUKAART - Junglehouse","robots":{"index":"index","follow":"follow","max-snippet":"max-snippet:-1","max-image-preview":"max-image-preview:large","max-video-preview":"max-video-preview:-1"},"canonical":"https:\/\/junglehouse.ee\/en\/product\/zumba-strong-nation-treeningu-kuukaart\/","og_locale":"en_US","og_type":"article","og_title":"LIVE ZUMBA & STRONG NATION KUUKAART - Junglehouse","og_description":"\u00a0LIVE treeningud 3 x n\u00e4dalas, ligip\u00e4\u00e4s \u00fcle 80 treeningvideole.  &nbsp;  &nbsp;","og_url":"https:\/\/junglehouse.ee\/en\/product\/zumba-strong-nation-treeningu-kuukaart\/","og_site_name":"Junglehouse","article_publisher":"https:\/\/www.facebook.com\/junglehouse.zumba\/?ref=bookmarks","article_modified_time":"2024-12-30T12:42:18+00:00","og_image":[{"width":2560,"height":1707,"url":"https:\/\/i0.wp.com\/junglehouse.ee\/wp-content\/uploads\/2024\/09\/Junglehouseshoot-696-van-870-scaled.jpg?fit=2560%2C1707&ssl=1","type":"image\/jpeg"}],"twitter_card":"summary_large_image","twitter_misc":{"Est. reading time":"2 minutes"},"schema":{"@context":"https:\/\/schema.org","@graph":[{"@type":"WebPage","@id":"https:\/\/junglehouse.ee\/toode\/zumba-strong-nation-treeningu-kuukaart\/","url":"https:\/\/junglehouse.ee\/toode\/zumba-strong-nation-treeningu-kuukaart\/","name":"LIVE ZUMBA & STRONG NATION KUUKAART - Junglehouse","isPartOf":{"@id":"https:\/\/junglehouse.ee\/#website"},"primaryImageOfPage":{"@id":"https:\/\/junglehouse.ee\/toode\/zumba-strong-nation-treeningu-kuukaart\/#primaryimage"},"image":{"@id":"https:\/\/junglehouse.ee\/toode\/zumba-strong-nation-treeningu-kuukaart\/#primaryimage"},"thumbnailUrl":"https:\/\/i0.wp.com\/junglehouse.ee\/wp-content\/uploads\/2024\/09\/Junglehouseshoot-696-van-870-scaled.jpg?fit=2560%2C1707&ssl=1","datePublished":"2022-05-26T00:13:36+00:00","dateModified":"2024-12-30T12:42:18+00:00","breadcrumb":{"@id":"https:\/\/junglehouse.ee\/toode\/zumba-strong-nation-treeningu-kuukaart\/#breadcrumb"},"inLanguage":"en-US","potentialAction":[{"@type":"ReadAction","target":["https:\/\/junglehouse.ee\/toode\/zumba-strong-nation-treeningu-kuukaart\/"]}]},{"@type":"ImageObject","inLanguage":"en-US","@id":"https:\/\/junglehouse.ee\/toode\/zumba-strong-nation-treeningu-kuukaart\/#primaryimage","url":"https:\/\/i0.wp.com\/junglehouse.ee\/wp-content\/uploads\/2024\/09\/Junglehouseshoot-696-van-870-scaled.jpg?fit=2560%2C1707&ssl=1","contentUrl":"https:\/\/i0.wp.com\/junglehouse.ee\/wp-content\/uploads\/2024\/09\/Junglehouseshoot-696-van-870-scaled.jpg?fit=2560%2C1707&ssl=1","width":2560,"height":1707},{"@type":"BreadcrumbList","@id":"https:\/\/junglehouse.ee\/toode\/zumba-strong-nation-treeningu-kuukaart\/#breadcrumb","itemListElement":[{"@type":"ListItem","position":1,"name":"Home","item":"https:\/\/junglehouse.ee\/"},{"@type":"ListItem","position":2,"name":"LIITU KOHE","item":"https:\/\/junglehouse.ee\/pood\/"},{"@type":"ListItem","position":3,"name":"LIVE ZUMBA &#038; STRONG NATION KUUKAART"}]},{"@type":"WebSite","@id":"https:\/\/junglehouse.ee\/#website","url":"https:\/\/junglehouse.ee\/","name":"www.junglehouse.ee","description":"","publisher":{"@id":"https:\/\/junglehouse.ee\/#organization"},"potentialAction":[{"@type":"SearchAction","target":{"@type":"EntryPoint","urlTemplate":"https:\/\/junglehouse.ee\/?s={search_term_string}"},"query-input":{"@type":"PropertyValueSpecification","valueRequired":true,"valueName":"search_term_string"}}],"inLanguage":"en-US"},{"@type":"Organization","@id":"https:\/\/junglehouse.ee\/#organization","name":"JUNGLEHOUSE O\u00dc","url":"https:\/\/junglehouse.ee\/","logo":{"@type":"ImageObject","inLanguage":"en-US","@id":"https:\/\/junglehouse.ee\/#\/schema\/logo\/image\/","url":"https:\/\/junglehouse.ee\/wp-content\/uploads\/2020\/01\/29595148_1795466014092953_8681890970927538343_n.png","contentUrl":"https:\/\/junglehouse.ee\/wp-content\/uploads\/2020\/01\/29595148_1795466014092953_8681890970927538343_n.png","width":769,"height":769,"caption":"JUNGLEHOUSE O\u00dc"},"image":{"@id":"https:\/\/junglehouse.ee\/#\/schema\/logo\/image\/"},"sameAs":["https:\/\/www.facebook.com\/junglehouse.zumba\/?ref=bookmarks","https:\/\/www.instagram.com\/junglehouse.zumba\/"]}]}},"jetpack_publicize_connections":[],"jetpack_sharing_enabled":true,"_links":{"self":[{"href":"https:\/\/junglehouse.ee\/en\/wp-json\/wp\/v2\/product\/2342","targetHints":{"allow":["GET"]}}],"collection":[{"href":"https:\/\/junglehouse.ee\/en\/wp-json\/wp\/v2\/product"}],"about":[{"href":"https:\/\/junglehouse.ee\/en\/wp-json\/wp\/v2\/types\/product"}],"replies":[{"embeddable":true,"href":"https:\/\/junglehouse.ee\/en\/wp-json\/wp\/v2\/comments?post=2342"}],"version-history":[{"count":38,"href":"https:\/\/junglehouse.ee\/en\/wp-json\/wp\/v2\/product\/2342\/revisions"}],"predecessor-version":[{"id":8550,"href":"https:\/\/junglehouse.ee\/en\/wp-json\/wp\/v2\/product\/2342\/revisions\/8550"}],"wp:featuredmedia":[{"embeddable":true,"href":"https:\/\/junglehouse.ee\/en\/wp-json\/wp\/v2\/media\/8248"}],"wp:attachment":[{"href":"https:\/\/junglehouse.ee\/en\/wp-json\/wp\/v2\/media?parent=2342"}],"wp:term":[{"taxonomy":"product_brand","embeddable":true,"href":"https:\/\/junglehouse.ee\/en\/wp-json\/wp\/v2\/product_brand?post=2342"},{"taxonomy":"product_cat","embeddable":true,"href":"https:\/\/junglehouse.ee\/en\/wp-json\/wp\/v2\/product_cat?post=2342"},{"taxonomy":"product_tag","embeddable":true,"href":"https:\/\/junglehouse.ee\/en\/wp-json\/wp\/v2\/product_tag?post=2342"}],"curies":[{"name":"wp","href":"https:\/\/api.w.org\/{rel}","templated":true}]}}