{"id":2433,"date":"2022-06-08T06:23:19","date_gmt":"2022-06-08T06:23:19","guid":{"rendered":"https:\/\/junglehouse.ee\/?page_id=2433"},"modified":"2026-04-27T14:32:26","modified_gmt":"2026-04-27T11:32:26","slug":"treeningvideod","status":"publish","type":"page","link":"https:\/\/junglehouse.ee\/en\/treeningvideod\/","title":{"rendered":"TRAINING VIDEOS"},"content":{"rendered":"<div data-elementor-type=\"wp-page\" data-elementor-id=\"2433\" class=\"elementor elementor-2433\">\n\t\t\t\t\t\t<section class=\"elementor-section elementor-top-section elementor-element elementor-element-72a52e6 elementor-section-boxed elementor-section-height-default elementor-section-height-default\" data-id=\"72a52e6\" data-element_type=\"section\" data-e-type=\"section\">\n\t\t\t\t\t\t<div class=\"elementor-container elementor-column-gap-default\">\n\t\t\t\t\t<div class=\"elementor-column elementor-col-100 elementor-top-column elementor-element elementor-element-c7cbdb6\" data-id=\"c7cbdb6\" data-element_type=\"column\" data-e-type=\"column\">\n\t\t\t<div class=\"elementor-widget-wrap elementor-element-populated\">\n\t\t\t\t\t\t<div class=\"elementor-element elementor-element-4f4e126 elementor-widget elementor-widget-text-editor\" data-id=\"4f4e126\" data-element_type=\"widget\" data-e-type=\"widget\" data-widget_type=\"text-editor.default\">\n\t\t\t\t<div class=\"elementor-widget-container\">\n\t\t\t\t\t\t\t\t\t<p style=\"text-align: center;\">Under workout videos you will find ZUMBA and STRONG NATION.&nbsp;<i>live<\/i>-treeningud. Iga n\u00e4dal lisandub neli uut salvestist.&nbsp;<span style=\"text-indent: 0em; text-align: inherit;\">Tracking is a great way to plan your own time and do your favorite workout at a time that suits you. To exercise regularly, set workout times at the beginning of the week and don&#039;t skip a workout.&nbsp;<\/span><\/p>\n<p style=\"text-align: center;\">If you are not yet a member, go&nbsp;<span style=\"color: #ff00ff;\"><a style=\"color: #ff00ff;\" href=\"https:\/\/junglehouse.ee\/en\/product\/zumba-strong-nation-treeningu-kuukaart\/\">online store<\/a><\/span> and join us and get instant access to workout videos. Feminine dances, fun atmosphere, powerful exercises and soothing relaxation await you.<\/p>\n<p style=\"text-align: center;\">Already a member? <span style=\"color: #ff00ff;\"><a style=\"color: #ff00ff;\" href=\"https:\/\/junglehouse.ee\/en\/pood\/minu-konto\/\">Log in<\/a><\/span><\/p>\n<div id=\"accel-snackbar\" style=\"left: 50%; transform: translate(-50%, 0px); top: 50px;\">&nbsp;<\/div>\t\t\t\t\t\t\t\t<\/div>\n\t\t\t\t<\/div>\n\t\t\t\t\t<\/div>\n\t\t<\/div>\n\t\t\t\t\t<\/div>\n\t\t<\/section>\n\t\t\t\t<\/div>","protected":false},"excerpt":{"rendered":"<p>Treeningvideote alt leiad ZUMBA ja STRONG NATIONi&nbsp;live-treeningud. Iga n\u00e4dal lisandub neli uut salvestist.&nbsp;J\u00e4relevaatamine on suurep\u00e4rane v\u00f5imalus ise enda aega planeerida ja teha oma lemmiktrenn sulle sobival ajal. Regulaarseks trennitegemiseks pane n\u00e4dala algul trennitegemise ajad paika ja \u00e4ra j\u00e4ta trenni vahele.&nbsp; Kui sa ei ole veel liige, siis mine&nbsp;e-poodi ja liitu ..<\/p>","protected":false},"author":1,"featured_media":0,"parent":0,"menu_order":0,"comment_status":"closed","ping_status":"closed","template":"","meta":{"jetpack_post_was_ever_published":false,"footnotes":""},"class_list":["post-2433","page","type-page","status-publish","hentry"],"yoast_head":"<!-- This site is optimized with the Yoast SEO plugin v27.5 - https:\/\/yoast.com\/product\/yoast-seo-wordpress\/ -->\n<title>TREENINGVIDEOD - Junglehouse<\/title>\n<meta name=\"robots\" content=\"index, follow, max-snippet:-1, max-image-preview:large, max-video-preview:-1\" \/>\n<link rel=\"canonical\" href=\"https:\/\/junglehouse.ee\/en\/treeningvideod\/\" \/>\n<meta property=\"og:locale\" content=\"en_US\" \/>\n<meta property=\"og:type\" content=\"article\" \/>\n<meta property=\"og:title\" content=\"TREENINGVIDEOD - Junglehouse\" \/>\n<meta property=\"og:description\" content=\"Treeningvideote alt leiad ZUMBA ja STRONG NATIONi&nbsp;live-treeningud. Iga n\u00e4dal lisandub neli uut salvestist.&nbsp;J\u00e4relevaatamine on suurep\u00e4rane v\u00f5imalus ise enda aega planeerida ja teha oma lemmiktrenn sulle sobival ajal. Regulaarseks trennitegemiseks pane n\u00e4dala algul trennitegemise ajad paika ja \u00e4ra j\u00e4ta trenni vahele.&nbsp; Kui sa ei ole veel liige, siis mine&nbsp;e-poodi ja liitu ..\" \/>\n<meta property=\"og:url\" content=\"https:\/\/junglehouse.ee\/en\/treeningvideod\/\" \/>\n<meta property=\"og:site_name\" content=\"Junglehouse\" \/>\n<meta property=\"article:publisher\" content=\"https:\/\/www.facebook.com\/junglehouse.zumba\/?ref=bookmarks\" \/>\n<meta property=\"article:modified_time\" content=\"2026-04-27T11:32:26+00:00\" \/>\n<meta name=\"twitter:card\" content=\"summary_large_image\" \/>\n<meta name=\"twitter:label1\" content=\"Est. reading time\" \/>\n\t<meta name=\"twitter:data1\" content=\"1 minute\" \/>\n<script type=\"application\/ld+json\" class=\"yoast-schema-graph\">{\"@context\":\"https:\\\/\\\/schema.org\",\"@graph\":[{\"@type\":\"WebPage\",\"@id\":\"https:\\\/\\\/junglehouse.ee\\\/treeningvideod\\\/\",\"url\":\"https:\\\/\\\/junglehouse.ee\\\/treeningvideod\\\/\",\"name\":\"TREENINGVIDEOD - Junglehouse\",\"isPartOf\":{\"@id\":\"https:\\\/\\\/junglehouse.ee\\\/#website\"},\"datePublished\":\"2022-06-08T06:23:19+00:00\",\"dateModified\":\"2026-04-27T11:32:26+00:00\",\"breadcrumb\":{\"@id\":\"https:\\\/\\\/junglehouse.ee\\\/treeningvideod\\\/#breadcrumb\"},\"inLanguage\":\"en-US\",\"potentialAction\":[{\"@type\":\"ReadAction\",\"target\":[\"https:\\\/\\\/junglehouse.ee\\\/treeningvideod\\\/\"]}]},{\"@type\":\"BreadcrumbList\",\"@id\":\"https:\\\/\\\/junglehouse.ee\\\/treeningvideod\\\/#breadcrumb\",\"itemListElement\":[{\"@type\":\"ListItem\",\"position\":1,\"name\":\"Home\",\"item\":\"https:\\\/\\\/junglehouse.ee\\\/\"},{\"@type\":\"ListItem\",\"position\":2,\"name\":\"TREENINGVIDEOD\"}]},{\"@type\":\"WebSite\",\"@id\":\"https:\\\/\\\/junglehouse.ee\\\/#website\",\"url\":\"https:\\\/\\\/junglehouse.ee\\\/\",\"name\":\"www.junglehouse.ee\",\"description\":\"\",\"publisher\":{\"@id\":\"https:\\\/\\\/junglehouse.ee\\\/#organization\"},\"potentialAction\":[{\"@type\":\"SearchAction\",\"target\":{\"@type\":\"EntryPoint\",\"urlTemplate\":\"https:\\\/\\\/junglehouse.ee\\\/?s={search_term_string}\"},\"query-input\":{\"@type\":\"PropertyValueSpecification\",\"valueRequired\":true,\"valueName\":\"search_term_string\"}}],\"inLanguage\":\"en-US\"},{\"@type\":\"Organization\",\"@id\":\"https:\\\/\\\/junglehouse.ee\\\/#organization\",\"name\":\"JUNGLEHOUSE O\u00dc\",\"url\":\"https:\\\/\\\/junglehouse.ee\\\/\",\"logo\":{\"@type\":\"ImageObject\",\"inLanguage\":\"en-US\",\"@id\":\"https:\\\/\\\/junglehouse.ee\\\/#\\\/schema\\\/logo\\\/image\\\/\",\"url\":\"https:\\\/\\\/junglehouse.ee\\\/wp-content\\\/uploads\\\/2020\\\/01\\\/29595148_1795466014092953_8681890970927538343_n.png\",\"contentUrl\":\"https:\\\/\\\/junglehouse.ee\\\/wp-content\\\/uploads\\\/2020\\\/01\\\/29595148_1795466014092953_8681890970927538343_n.png\",\"width\":769,\"height\":769,\"caption\":\"JUNGLEHOUSE O\u00dc\"},\"image\":{\"@id\":\"https:\\\/\\\/junglehouse.ee\\\/#\\\/schema\\\/logo\\\/image\\\/\"},\"sameAs\":[\"https:\\\/\\\/www.facebook.com\\\/junglehouse.zumba\\\/?ref=bookmarks\",\"https:\\\/\\\/www.instagram.com\\\/junglehouse.zumba\\\/\"]}]}<\/script>\n<!-- \/ Yoast SEO plugin. -->","yoast_head_json":{"title":"TREENINGVIDEOD - Junglehouse","robots":{"index":"index","follow":"follow","max-snippet":"max-snippet:-1","max-image-preview":"max-image-preview:large","max-video-preview":"max-video-preview:-1"},"canonical":"https:\/\/junglehouse.ee\/en\/treeningvideod\/","og_locale":"en_US","og_type":"article","og_title":"TREENINGVIDEOD - Junglehouse","og_description":"Treeningvideote alt leiad ZUMBA ja STRONG NATIONi&nbsp;live-treeningud. Iga n\u00e4dal lisandub neli uut salvestist.&nbsp;J\u00e4relevaatamine on suurep\u00e4rane v\u00f5imalus ise enda aega planeerida ja teha oma lemmiktrenn sulle sobival ajal. Regulaarseks trennitegemiseks pane n\u00e4dala algul trennitegemise ajad paika ja \u00e4ra j\u00e4ta trenni vahele.&nbsp; Kui sa ei ole veel liige, siis mine&nbsp;e-poodi ja liitu ..","og_url":"https:\/\/junglehouse.ee\/en\/treeningvideod\/","og_site_name":"Junglehouse","article_publisher":"https:\/\/www.facebook.com\/junglehouse.zumba\/?ref=bookmarks","article_modified_time":"2026-04-27T11:32:26+00:00","twitter_card":"summary_large_image","twitter_misc":{"Est. reading time":"1 minute"},"schema":{"@context":"https:\/\/schema.org","@graph":[{"@type":"WebPage","@id":"https:\/\/junglehouse.ee\/treeningvideod\/","url":"https:\/\/junglehouse.ee\/treeningvideod\/","name":"TREENINGVIDEOD - Junglehouse","isPartOf":{"@id":"https:\/\/junglehouse.ee\/#website"},"datePublished":"2022-06-08T06:23:19+00:00","dateModified":"2026-04-27T11:32:26+00:00","breadcrumb":{"@id":"https:\/\/junglehouse.ee\/treeningvideod\/#breadcrumb"},"inLanguage":"en-US","potentialAction":[{"@type":"ReadAction","target":["https:\/\/junglehouse.ee\/treeningvideod\/"]}]},{"@type":"BreadcrumbList","@id":"https:\/\/junglehouse.ee\/treeningvideod\/#breadcrumb","itemListElement":[{"@type":"ListItem","position":1,"name":"Home","item":"https:\/\/junglehouse.ee\/"},{"@type":"ListItem","position":2,"name":"TREENINGVIDEOD"}]},{"@type":"WebSite","@id":"https:\/\/junglehouse.ee\/#website","url":"https:\/\/junglehouse.ee\/","name":"www.junglehouse.ee","description":"","publisher":{"@id":"https:\/\/junglehouse.ee\/#organization"},"potentialAction":[{"@type":"SearchAction","target":{"@type":"EntryPoint","urlTemplate":"https:\/\/junglehouse.ee\/?s={search_term_string}"},"query-input":{"@type":"PropertyValueSpecification","valueRequired":true,"valueName":"search_term_string"}}],"inLanguage":"en-US"},{"@type":"Organization","@id":"https:\/\/junglehouse.ee\/#organization","name":"JUNGLEHOUSE O\u00dc","url":"https:\/\/junglehouse.ee\/","logo":{"@type":"ImageObject","inLanguage":"en-US","@id":"https:\/\/junglehouse.ee\/#\/schema\/logo\/image\/","url":"https:\/\/junglehouse.ee\/wp-content\/uploads\/2020\/01\/29595148_1795466014092953_8681890970927538343_n.png","contentUrl":"https:\/\/junglehouse.ee\/wp-content\/uploads\/2020\/01\/29595148_1795466014092953_8681890970927538343_n.png","width":769,"height":769,"caption":"JUNGLEHOUSE O\u00dc"},"image":{"@id":"https:\/\/junglehouse.ee\/#\/schema\/logo\/image\/"},"sameAs":["https:\/\/www.facebook.com\/junglehouse.zumba\/?ref=bookmarks","https:\/\/www.instagram.com\/junglehouse.zumba\/"]}]}},"jetpack_sharing_enabled":true,"_links":{"self":[{"href":"https:\/\/junglehouse.ee\/en\/wp-json\/wp\/v2\/pages\/2433","targetHints":{"allow":["GET"]}}],"collection":[{"href":"https:\/\/junglehouse.ee\/en\/wp-json\/wp\/v2\/pages"}],"about":[{"href":"https:\/\/junglehouse.ee\/en\/wp-json\/wp\/v2\/types\/page"}],"author":[{"embeddable":true,"href":"https:\/\/junglehouse.ee\/en\/wp-json\/wp\/v2\/users\/1"}],"replies":[{"embeddable":true,"href":"https:\/\/junglehouse.ee\/en\/wp-json\/wp\/v2\/comments?post=2433"}],"version-history":[{"count":38,"href":"https:\/\/junglehouse.ee\/en\/wp-json\/wp\/v2\/pages\/2433\/revisions"}],"predecessor-version":[{"id":12320,"href":"https:\/\/junglehouse.ee\/en\/wp-json\/wp\/v2\/pages\/2433\/revisions\/12320"}],"wp:attachment":[{"href":"https:\/\/junglehouse.ee\/en\/wp-json\/wp\/v2\/media?parent=2433"}],"curies":[{"name":"wp","href":"https:\/\/api.w.org\/{rel}","templated":true}]}}